{"id":9,"date":"2015-02-02T04:30:57","date_gmt":"2015-02-02T06:30:57","guid":{"rendered":"http:\/\/rttheme19-rtthemes-com.rtthemes.com\/?page_id=9"},"modified":"2018-07-30T21:27:50","modified_gmt":"2018-07-31T00:27:50","slug":"engemasa-institucional","status":"publish","type":"page","link":"https:\/\/engemasa.com.br\/esp\/engemasa-institucional\/","title":{"rendered":"Institucional"},"content":{"rendered":"<p>[vc_row rt_row_background_width=&#8221;fullwidth&#8221; rt_row_content_width=&#8221;default&#8221; rt_row_style=&#8221;alt-style-2&#8243; rt_row_borders=&#8221;&#8221; rt_row_paddings=&#8221;true&#8221; rt_bg_image=&#8221;4163&#8243; rt_bg_effect=&#8221;classic&#8221; rt_bg_image_repeat=&#8221;repeat&#8221; rt_bg_size=&#8221;cover&#8221; rt_bg_position=&#8221;center center&#8221; rt_bg_attachment=&#8221;scroll&#8221; rt_bg_video_format=&#8221;self-hosted&#8221; rt_padding_top=&#8221;100&#8243; rt_padding_bottom=&#8221;140&#8243;][vc_column rt_wrp_col_paddings=&#8221;false&#8221; rt_border_top=&#8221;&#8221; rt_border_bottom=&#8221;&#8221; rt_border_left=&#8221;&#8221; rt_border_right=&#8221;&#8221; rt_border_top_mobile=&#8221;&#8221; rt_border_bottom_mobile=&#8221;&#8221; rt_border_left_mobile=&#8221;&#8221; rt_border_right_mobile=&#8221;&#8221; rt_bg_image_repeat=&#8221;repeat&#8221; rt_bg_size=&#8221;auto auto&#8221; rt_bg_position=&#8221;right top&#8221; rt_bg_attachment=&#8221;scroll&#8221;]<div class=\"rt_heading_wrapper style-4\">\n\t\t\t\t\t\t<h1 class=\"rt_heading  style-4\" >INSTITUCIONAL<\/h1>\n\t\t\t\t\t<\/div>[\/vc_column][\/vc_row][vc_row rt_row_background_width=&#8221;fullwidth&#8221; rt_row_content_width=&#8221;default&#8221; rt_row_style=&#8221;alt-style-2&#8243; rt_row_borders=&#8221;bottom&#8221; rt_row_paddings=&#8221;true&#8221; rt_bg_effect=&#8221;classic&#8221; rt_bg_image_repeat=&#8221;repeat&#8221; rt_bg_size=&#8221;cover&#8221; rt_bg_position=&#8221;right top&#8221; rt_bg_attachment=&#8221;scroll&#8221; rt_bg_video_format=&#8221;self-hosted&#8221; rt_padding_top=&#8221;60&#8243; rt_padding_bottom=&#8221;60&#8243;][vc_column rt_wrp_col_paddings=&#8221;false&#8221; rt_border_top=&#8221;&#8221; rt_border_bottom=&#8221;&#8221; rt_border_left=&#8221;&#8221; rt_border_right=&#8221;&#8221; rt_border_top_mobile=&#8221;&#8221; rt_border_bottom_mobile=&#8221;&#8221; rt_border_left_mobile=&#8221;&#8221; rt_border_right_mobile=&#8221;&#8221; rt_bg_image_repeat=&#8221;repeat&#8221; rt_bg_size=&#8221;auto auto&#8221; rt_bg_position=&#8221;right top&#8221; rt_bg_attachment=&#8221;scroll&#8221;][vc_column_text]<\/p>\n<p style=\"text-align: center;\"><span style=\"font-size: 14pt;\"><span class=\"rt-icon icon-quote-left \"><\/span><strong>A trav\u00e9s del continuo intercambio con las mejores universidades brasile\u00f1as e institutos de investigaci\u00f3n, Engemasa tiene el completo dominio metal\u00fargico de sus productos y est\u00e1 lista para vencer a todos los desaf\u00edos del nuevo milenio.<\/strong><\/span>\u00a0<span style=\"font-size: 14pt;\"><span class=\"rt-icon icon-quote-right \"><\/span><\/span><\/p>\n<p>[\/vc_column_text][\/vc_column][\/vc_row][vc_row rt_row_background_width=&#8221;fullwidth&#8221; rt_row_content_width=&#8221;default&#8221; rt_row_style=&#8221;default-style&#8221; rt_row_borders=&#8221;&#8221; rt_row_paddings=&#8221;true&#8221; rt_bg_effect=&#8221;classic&#8221; rt_bg_image_repeat=&#8221;no-repeat&#8221; rt_bg_size=&#8221;cover&#8221; rt_bg_position=&#8221;right top&#8221; rt_bg_attachment=&#8221;fixed&#8221; rt_bg_video_format=&#8221;self-hosted&#8221; rt_padding_top=&#8221;60&#8243; rt_padding_bottom=&#8221;0&#8243;][vc_column rt_wrp_col_paddings=&#8221;false&#8221; rt_border_top=&#8221;&#8221; rt_border_bottom=&#8221;&#8221; rt_border_left=&#8221;&#8221; rt_border_right=&#8221;&#8221; rt_border_top_mobile=&#8221;&#8221; rt_border_bottom_mobile=&#8221;&#8221; rt_border_left_mobile=&#8221;&#8221; rt_border_right_mobile=&#8221;&#8221; rt_bg_image_repeat=&#8221;repeat&#8221; rt_bg_size=&#8221;auto auto&#8221; rt_bg_position=&#8221;right top&#8221; rt_bg_attachment=&#8221;scroll&#8221;]<div class=\"rt_heading_wrapper style-4\">\n\t\t\t\t\t\t<span class=\"punchline\">M\u00e1s de 40 a\u00f1os manteniendo valores e innovando en tecnolog\u00eda.<\/span><h4 class=\"rt_heading  with_punchline style-4\" >La hist\u00f3ria de Engemasa<\/h4>\n\t\t\t\t\t<\/div>[\/vc_column][\/vc_row][vc_row rt_row_background_width=&#8221;fullwidth&#8221; rt_row_content_width=&#8221;default&#8221; rt_row_style=&#8221;default-style&#8221; rt_row_borders=&#8221;&#8221; rt_row_paddings=&#8221;true&#8221; rt_bg_effect=&#8221;classic&#8221; rt_bg_image_repeat=&#8221;no-repeat&#8221; rt_bg_size=&#8221;cover&#8221; rt_bg_position=&#8221;right top&#8221; rt_bg_attachment=&#8221;fixed&#8221; rt_bg_video_format=&#8221;self-hosted&#8221; rt_padding_top=&#8221;20&#8243; rt_padding_bottom=&#8221;60&#8243;][vc_column width=&#8221;1\/3&#8243; rt_wrp_col_paddings=&#8221;false&#8221; rt_border_top=&#8221;&#8221; rt_border_bottom=&#8221;&#8221; rt_border_left=&#8221;&#8221; rt_border_right=&#8221;&#8221; rt_border_top_mobile=&#8221;&#8221; rt_border_bottom_mobile=&#8221;&#8221; rt_border_left_mobile=&#8221;&#8221; rt_border_right_mobile=&#8221;&#8221; rt_bg_image_repeat=&#8221;repeat&#8221; rt_bg_size=&#8221;auto auto&#8221; rt_bg_position=&#8221;right top&#8221; rt_bg_attachment=&#8221;scroll&#8221;][vc_single_image image=&#8221;4223&#8243; img_size=&#8221;full&#8221; alignment=&#8221;center&#8221;][vc_single_image image=&#8221;4226&#8243; img_size=&#8221;full&#8221; alignment=&#8221;center&#8221;][vc_single_image image=&#8221;4222&#8243; img_size=&#8221;full&#8221; alignment=&#8221;center&#8221;][vc_single_image image=&#8221;4221&#8243; img_size=&#8221;full&#8221; alignment=&#8221;center&#8221;][\/vc_column][vc_column width=&#8221;2\/3&#8243; rt_wrp_col_paddings=&#8221;false&#8221; rt_border_top=&#8221;&#8221; rt_border_bottom=&#8221;&#8221; rt_border_left=&#8221;&#8221; rt_border_right=&#8221;&#8221; rt_border_top_mobile=&#8221;&#8221; rt_border_bottom_mobile=&#8221;&#8221; rt_border_left_mobile=&#8221;&#8221; rt_border_right_mobile=&#8221;&#8221; rt_bg_image_repeat=&#8221;repeat&#8221; rt_bg_size=&#8221;auto auto&#8221; rt_bg_position=&#8221;right top&#8221; rt_bg_attachment=&#8221;scroll&#8221;]\t \n\t\t<section  class=\"timeline  \">\n\t\t\t \n\t\t<div  >\n\t\t\t \n\t\t<span class=\"event-date\">\n\t\t\t<span class=\"day\"><\/span>\n\t\t\t<span class=\"month\">D\u00e9cada de 70: <\/span>\n\t\t\t<span class=\"year\">INICIO DE TODO<\/span>\n\t\t<\/span>\n\t<div class=\"event-details\"><p style=\"text-align: right;\">La ENGEMASA surgi\u00f3 de los ideales de modernizaci\u00f3n de los a\u00f1os 70, cuando un grupo de ingenieros de la Universidad de S\u00e3o Paulo (USP) y de la Universidad Federal de S\u00e3o Carlos (UFSCar) se unieron en 1976 para fundar una empresa de fundici\u00f3n de aceros inoxidables y aleaciones especiales para sustituir productos de importaci\u00f3n.<\/p>\n<p style=\"text-align: right;\">A partir del inicio de su operaci\u00f3n en 1978, ENGEMASA fue venciendo todos los desaf\u00edos que le fueron impuestos, nacionalizando piezas hasta entonces importadas con desempe\u00f1o igual o mejor que los competidores externos.<\/p>\n<\/div>\n\t\t<\/div>\n\t\t \n\t\t<div  >\n\t\t\t \n\t\t<span class=\"event-date\">\n\t\t\t<span class=\"day\"><\/span>\n\t\t\t<span class=\"month\">D\u00e9cada de 80: <\/span>\n\t\t\t<span class=\"year\">LOS DESAF\u00cdOS SENDO SUPERADOS<\/span>\n\t\t<\/span>\n\t<div class=\"event-details\"><p style=\"text-align: left;\">Con los desaf\u00edos impuestos en la d\u00e9cada de 1980, principalmente por parte de PETROBRAS, hicieron que ENGEMASA adentrarse al mercado proveedor de barras forjadas en aleaciones especiales y agujas met\u00e1licas utilizadas para refuerzo de concreto refractario.<\/p>\n<\/div>\n\t\t<\/div>\n\t\t \n\t\t<div  >\n\t\t\t \n\t\t<span class=\"event-date\">\n\t\t\t<span class=\"day\"><\/span>\n\t\t\t<span class=\"month\">D\u00e9cada del 90: <\/span>\n\t\t\t<span class=\"year\">ATENDIENDO AL EXIGENTE MERCADO PETROQU\u00cdMICO<\/span>\n\t\t<\/span>\n\t<div class=\"event-details\"><p>En la d\u00e9cada de los a\u00f1os 90, a trav\u00e9s de rigurosas relaciones con importantes universidades nacionales y laboratorios de pesquisa, Engemasa adentra al mercado Petroqu\u00edmico suministrando fundidos est\u00e1ticos en aleaciones de alto n\u00edquel y cromo para los trabajos en altas temperaturas. En respuesta de las solicitudes de la PQU (Petroqu\u00edmica Uni\u00f3n), Engemasa desarrolla tecnolog\u00eda para fabricaci\u00f3n de Tubos Centrifugados e inicia el montaje de columnas petroqu\u00edmicas dentro de los m\u00e1s rigurosos controles metal\u00fargicos de adiciones micro ligas, garantizando su desempe\u00f1o para trabajos a altas temperaturas.<\/p>\n<p>Fueron muchas las conquistas: Mecanizados (1990), Divisi\u00f3n Petroqu\u00edmica y Fundici\u00f3n Centr\u00edfuga (1992), Certificaci\u00f3n ISO 9001, por la tercera vez gan\u00f3 el premio de mejor fundici\u00f3n por la ABIMAQ (1998)<\/p>\n<p>PETROBRAS y las industrias petroqu\u00edmicas nacionales pasan a tener un proveedor genuinamente nacional con capacidad para recibir los desaf\u00edos crecientes de este importante Sector de la Econom\u00eda Nacional.<\/p>\n<\/div>\n\t\t<\/div>\n\t\t \n\t\t<div  >\n\t\t\t \n\t\t<span class=\"event-date\">\n\t\t\t<span class=\"day\"><\/span>\n\t\t\t<span class=\"month\">Nuevo Milenio: <\/span>\n\t\t\t<span class=\"year\">PESQUISA Y DESARROLLO<\/span>\n\t\t<\/span>\n\t<div class=\"event-details\"><p>A trav\u00e9s del continuo intercambio con las mejores universidades brasile\u00f1as e institutos de investigaci\u00f3n, ENGEMASA tiene el completo dominio metal\u00fargico de sus productos y est\u00e1 lista para vencer los desaf\u00edos del nuevo milenio.<\/p>\n<p>Todos los productos son certificados por el SGS, TUV y PETROBRAS, de acuerdo con la Norma ISO 9001.<\/p>\n<\/div>\n\t\t<\/div>\n\t\n\t\t<\/section>\n\t[\/vc_column][\/vc_row][vc_row rt_row_background_width=&#8221;fullwidth&#8221; rt_row_content_width=&#8221;default&#8221; rt_row_style=&#8221;alt-style-2&#8243; rt_row_borders=&#8221;&#8221; rt_grid=&#8221;true&#8221; rt_row_paddings=&#8221;true&#8221; rt_bg_effect=&#8221;parallax&#8221; rt_bg_parallax_effect=&#8221;3&#8243; rt_bg_image_repeat=&#8221;no-repeat&#8221; rt_bg_size=&#8221;cover&#8221; rt_bg_position=&#8221;right top&#8221; rt_bg_video_format=&#8221;self-hosted&#8221; rt_padding_top=&#8221;70&#8243; rt_padding_bottom=&#8221;90&#8243;][vc_column width=&#8221;1\/4&#8243; rt_wrp_col_paddings=&#8221;false&#8221; rt_border_top=&#8221;&#8221; rt_border_bottom=&#8221;&#8221; rt_border_left=&#8221;&#8221; rt_border_right=&#8221;&#8221; rt_border_top_mobile=&#8221;&#8221; rt_border_bottom_mobile=&#8221;&#8221; rt_border_left_mobile=&#8221;&#8221; rt_border_right_mobile=&#8221;&#8221; rt_bg_image_repeat=&#8221;repeat&#8221; rt_bg_size=&#8221;auto auto&#8221; rt_bg_position=&#8221;right top&#8221; rt_bg_attachment=&#8221;scroll&#8221;]<div  class=\"rt_counter\"><span class=\"number\">70000<\/span>\u00c1REA TOTAL (m\u00b2)<\/div>[\/vc_column][vc_column width=&#8221;1\/4&#8243; rt_wrp_col_paddings=&#8221;false&#8221; rt_border_top=&#8221;&#8221; rt_border_bottom=&#8221;&#8221; rt_border_left=&#8221;&#8221; rt_border_right=&#8221;&#8221; rt_border_top_mobile=&#8221;&#8221; rt_border_bottom_mobile=&#8221;&#8221; rt_border_left_mobile=&#8221;&#8221; rt_border_right_mobile=&#8221;&#8221; rt_bg_image_repeat=&#8221;repeat&#8221; rt_bg_size=&#8221;auto auto&#8221; rt_bg_position=&#8221;right top&#8221; rt_bg_attachment=&#8221;scroll&#8221;]<div  class=\"rt_counter\"><span class=\"number\">4800<\/span>CAPACIDAD PRODUCTIVA (ton \/ a\u00f1o)<\/div>[\/vc_column][vc_column width=&#8221;1\/4&#8243; rt_wrp_col_paddings=&#8221;false&#8221; rt_border_top=&#8221;&#8221; rt_border_bottom=&#8221;&#8221; rt_border_left=&#8221;&#8221; rt_border_right=&#8221;&#8221; rt_border_top_mobile=&#8221;&#8221; rt_border_bottom_mobile=&#8221;&#8221; rt_border_left_mobile=&#8221;&#8221; rt_border_right_mobile=&#8221;&#8221; rt_bg_image_repeat=&#8221;repeat&#8221; rt_bg_size=&#8221;auto auto&#8221; rt_bg_position=&#8221;right top&#8221; rt_bg_attachment=&#8221;scroll&#8221;]<div  class=\"rt_counter\"><span class=\"number\">250<\/span>COLABORADORES<\/div>[\/vc_column][vc_column width=&#8221;1\/4&#8243; rt_wrp_col_paddings=&#8221;false&#8221; rt_border_top=&#8221;&#8221; rt_border_bottom=&#8221;&#8221; rt_border_left=&#8221;&#8221; rt_border_right=&#8221;&#8221; rt_border_top_mobile=&#8221;&#8221; rt_border_bottom_mobile=&#8221;&#8221; rt_border_left_mobile=&#8221;&#8221; rt_border_right_mobile=&#8221;&#8221; rt_bg_image_repeat=&#8221;repeat&#8221; rt_bg_size=&#8221;auto auto&#8221; rt_bg_position=&#8221;right top&#8221; rt_bg_attachment=&#8221;scroll&#8221;]<div  class=\"rt_counter\"><span class=\"number\">25<\/span>PA\u00cdSES ATENDIDOS<\/div>[\/vc_column][\/vc_row]<\/p>\n","protected":false},"excerpt":{"rendered":"<p>[vc_row rt_row_background_width=&#8221;fullwidth&#8221; rt_row_content_width=&#8221;default&#8221; rt_row_style=&#8221;alt-style-2&#8243; rt_row_borders=&#8221;&#8221; rt_row_paddings=&#8221;true&#8221; rt_bg_image=&#8221;4163&#8243; rt_bg_effect=&#8221;classic&#8221; rt_bg_image_repeat=&#8221;repeat&#8221; rt_bg_size=&#8221;cover&#8221; rt_bg_position=&#8221;center center&#8221; rt_bg_attachment=&#8221;scroll&#8221; rt_bg_video_format=&#8221;self-hosted&#8221; rt_padding_top=&#8221;100&#8243; rt_padding_bottom=&#8221;140&#8243;][vc_column rt_wrp_col_paddings=&#8221;false&#8221; rt_border_top=&#8221;&#8221; rt_border_bottom=&#8221;&#8221; rt_border_left=&#8221;&#8221; rt_border_right=&#8221;&#8221; rt_border_top_mobile=&#8221;&#8221; rt_border_bottom_mobile=&#8221;&#8221; rt_border_left_mobile=&#8221;&#8221; rt_border_right_mobile=&#8221;&#8221; rt_bg_image_repeat=&#8221;repeat&#8221; rt_bg_size=&#8221;auto auto&#8221; rt_bg_position=&#8221;right top&#8221; rt_bg_attachment=&#8221;scroll&#8221;][\/vc_column][\/vc_row][vc_row rt_row_background_width=&#8221;fullwidth&#8221; rt_row_content_width=&#8221;default&#8221; rt_row_style=&#8221;alt-style-2&#8243; rt_row_borders=&#8221;bottom&#8221; rt_row_paddings=&#8221;true&#8221; rt_bg_effect=&#8221;classic&#8221; rt_bg_image_repeat=&#8221;repeat&#8221; rt_bg_size=&#8221;cover&#8221; rt_bg_position=&#8221;right top&#8221; rt_bg_attachment=&#8221;scroll&#8221; rt_bg_video_format=&#8221;self-hosted&#8221; rt_padding_top=&#8221;60&#8243; rt_padding_bottom=&#8221;60&#8243;][vc_column rt_wrp_col_paddings=&#8221;false&#8221; rt_border_top=&#8221;&#8221; rt_border_bottom=&#8221;&#8221; rt_border_left=&#8221;&#8221; rt_border_right=&#8221;&#8221; rt_border_top_mobile=&#8221;&#8221; rt_border_bottom_mobile=&#8221;&#8221; rt_border_left_mobile=&#8221;&#8221; rt_border_right_mobile=&#8221;&#8221; rt_bg_image_repeat=&#8221;repeat&#8221; [&hellip;]<\/p>\n","protected":false},"author":1,"featured_media":0,"parent":0,"menu_order":0,"comment_status":"open","ping_status":"closed","template":"","meta":{"_mi_skip_tracking":false,"_exactmetrics_sitenote_active":false,"_exactmetrics_sitenote_note":"","_exactmetrics_sitenote_category":0},"_links":{"self":[{"href":"https:\/\/engemasa.com.br\/esp\/wp-json\/wp\/v2\/pages\/9"}],"collection":[{"href":"https:\/\/engemasa.com.br\/esp\/wp-json\/wp\/v2\/pages"}],"about":[{"href":"https:\/\/engemasa.com.br\/esp\/wp-json\/wp\/v2\/types\/page"}],"author":[{"embeddable":true,"href":"https:\/\/engemasa.com.br\/esp\/wp-json\/wp\/v2\/users\/1"}],"replies":[{"embeddable":true,"href":"https:\/\/engemasa.com.br\/esp\/wp-json\/wp\/v2\/comments?post=9"}],"version-history":[{"count":70,"href":"https:\/\/engemasa.com.br\/esp\/wp-json\/wp\/v2\/pages\/9\/revisions"}],"predecessor-version":[{"id":4852,"href":"https:\/\/engemasa.com.br\/esp\/wp-json\/wp\/v2\/pages\/9\/revisions\/4852"}],"wp:attachment":[{"href":"https:\/\/engemasa.com.br\/esp\/wp-json\/wp\/v2\/media?parent=9"}],"curies":[{"name":"wp","href":"https:\/\/api.w.org\/{rel}","templated":true}]}}