{"id":4065,"date":"2017-12-20T11:49:06","date_gmt":"2017-12-20T13:49:06","guid":{"rendered":"http:\/\/191.252.137.6\/~engemasacom\/?page_id=4065"},"modified":"2023-09-25T15:05:49","modified_gmt":"2023-09-25T18:05:49","slug":"terminos-de-uso-y-politica-de-privacidad","status":"publish","type":"page","link":"https:\/\/engemasa.com.br\/esp\/terminos-de-uso-y-politica-de-privacidad\/","title":{"rendered":"T\u00e9rminos De Uso Y Pol\u00edtica De Privacidad"},"content":{"rendered":"<p>[vc_row rt_row_background_width=&#8221;fullwidth&#8221; rt_row_content_width=&#8221;default&#8221; rt_row_style=&#8221;alt-style-2&#8243; rt_row_borders=&#8221;&#8221; rt_row_paddings=&#8221;true&#8221; rt_bg_image=&#8221;4163&#8243; rt_bg_effect=&#8221;classic&#8221; rt_bg_image_repeat=&#8221;repeat&#8221; rt_bg_size=&#8221;cover&#8221; rt_bg_position=&#8221;center center&#8221; rt_bg_attachment=&#8221;scroll&#8221; rt_bg_video_format=&#8221;self-hosted&#8221; rt_padding_top=&#8221;100&#8243; rt_padding_bottom=&#8221;140&#8243;][vc_column rt_wrp_col_paddings=&#8221;false&#8221; rt_border_top=&#8221;&#8221; rt_border_bottom=&#8221;&#8221; rt_border_left=&#8221;&#8221; rt_border_right=&#8221;&#8221; rt_border_top_mobile=&#8221;&#8221; rt_border_bottom_mobile=&#8221;&#8221; rt_border_left_mobile=&#8221;&#8221; rt_border_right_mobile=&#8221;&#8221; rt_bg_image_repeat=&#8221;repeat&#8221; rt_bg_size=&#8221;auto auto&#8221; rt_bg_position=&#8221;right top&#8221; rt_bg_attachment=&#8221;scroll&#8221;]<div class=\"rt_heading_wrapper style-4\">\n\t\t\t\t\t\t<h1 class=\"rt_heading  style-4\" >T\u00c9RMINOS DE USO Y POL\u00cdTICA DE PRIVACIDAD<\/h1>\n\t\t\t\t\t<\/div>[\/vc_column][\/vc_row][vc_row rt_row_background_width=&#8221;fullwidth&#8221; rt_row_content_width=&#8221;default&#8221; rt_row_style=&#8221;alt-style-2&#8243; rt_row_borders=&#8221;bottom&#8221; rt_row_paddings=&#8221;true&#8221; rt_bg_effect=&#8221;classic&#8221; rt_bg_image_repeat=&#8221;repeat&#8221; rt_bg_size=&#8221;cover&#8221; rt_bg_position=&#8221;right top&#8221; rt_bg_attachment=&#8221;scroll&#8221; rt_bg_video_format=&#8221;self-hosted&#8221; rt_padding_top=&#8221;30&#8243; rt_padding_bottom=&#8221;30&#8243;][vc_column rt_wrp_col_paddings=&#8221;false&#8221; rt_border_top=&#8221;&#8221; rt_border_bottom=&#8221;&#8221; rt_border_left=&#8221;&#8221; rt_border_right=&#8221;&#8221; rt_border_top_mobile=&#8221;&#8221; rt_border_bottom_mobile=&#8221;&#8221; rt_border_left_mobile=&#8221;&#8221; rt_border_right_mobile=&#8221;&#8221; rt_bg_image_repeat=&#8221;repeat&#8221; rt_bg_size=&#8221;auto auto&#8221; rt_bg_position=&#8221;right top&#8221; rt_bg_attachment=&#8221;scroll&#8221;][\/vc_column][\/vc_row][vc_row rt_row_background_width=&#8221;fullwidth&#8221; rt_row_content_width=&#8221;default&#8221; rt_row_style=&#8221;default-style&#8221; rt_column_placement=&#8221;middle&#8221; rt_row_borders=&#8221;&#8221; rt_row_paddings=&#8221;true&#8221; rt_bg_effect=&#8221;classic&#8221; rt_bg_image_repeat=&#8221;no-repeat&#8221; rt_bg_size=&#8221;cover&#8221; rt_bg_position=&#8221;right top&#8221; rt_bg_attachment=&#8221;fixed&#8221; rt_bg_video_format=&#8221;self-hosted&#8221; rt_padding_top=&#8221;60&#8243; rt_padding_bottom=&#8221;60&#8243;][vc_column rt_wrp_col_paddings=&#8221;false&#8221; rt_border_top=&#8221;&#8221; rt_border_bottom=&#8221;&#8221; rt_border_left=&#8221;&#8221; rt_border_right=&#8221;&#8221; rt_border_top_mobile=&#8221;&#8221; rt_border_bottom_mobile=&#8221;&#8221; rt_border_left_mobile=&#8221;&#8221; rt_border_right_mobile=&#8221;&#8221; rt_bg_image_repeat=&#8221;repeat&#8221; rt_bg_size=&#8221;auto auto&#8221; rt_bg_position=&#8221;right top&#8221; rt_bg_attachment=&#8221;scroll&#8221;][vc_column_text]<\/p>\n<p style=\"text-align: justify;\">Toda su informaci\u00f3n personal recopilada, ser\u00e1n usadas para ayudarle a hacer su visita en nuestro sitio lo m\u00e1s productiva y agradable posible.<\/p>\n<p style=\"text-align: justify;\">La garant\u00eda de la confidencialidad de los datos personales de los usuarios de nuestro sitio es importante para Engemasa.<\/p>\n<p style=\"text-align: justify;\">Toda las informaciones personales relativas a miembros, abonados, clientes o visitantes que usen el sitio de Engemasa ser\u00e1n tratadas de acuerdo con la Ley de Protecci\u00f3n de Datos Personales de 26 de octubre de 1998 (Ley n.\u00ba 67\/98).<\/p>\n<p style=\"text-align: justify;\">La informaci\u00f3n personal recogida puede incluir su nombre, correo, n\u00famero de tel\u00e9fono y\/o tel\u00e9fono m\u00f3vil, direcci\u00f3n, fecha de nacimiento y\/o otros.<\/p>\n<p style=\"text-align: justify;\">El uso del sitio de Engemasa presupone la aceptaci\u00f3n de este Acuerdo de privacidad. El equipo de Engemasa se reserva el derecho de modificar este acuerdo sin previo aviso. Por lo tanto, le recomendamos que consulte nuestra pol\u00edtica de privacidad con regularidad para que est\u00e9 siempre actualizada.<\/p>\n<p>[\/vc_column_text]<div class=\"rt_heading_wrapper style-6\">\n\t\t\t\t\t\t<h5 class=\"rt_heading  style-6\" >Los Anuncios<\/h5>\n\t\t\t\t\t<\/div>[vc_column_text]<\/p>\n<p style=\"text-align: justify;\">Tal como otros websites, recogemos y utilizamos informaciones contenidas en los anuncios. La informaci\u00f3n contenida en los anuncios, inclu\u00ed su direcci\u00f3n IP IInternet Protocol), o su ISP (Internet Service Provider, como el Sapo, Clix, u otro), el brownser que utiliz\u00f3 el visitar nuestra website (como el Internet Explorer o el Firefox), el tiempo de su visita y qu\u00e9 paginas visit\u00f3 dentro de nuestra website.<\/p>\n<p>[\/vc_column_text]<div class=\"rt_heading_wrapper style-6\">\n\t\t\t\t\t\t<h5 class=\"rt_heading  style-6\" >Los Cookies y Web Beacons<\/h5>\n\t\t\t\t\t<\/div>[vc_column_text]<\/p>\n<p style=\"text-align: justify;\">Utilizamos cookies para almacenar informaciones en Google Analytics y Google Search Console, tales como sus preferencias personales cuando visita nuestra website. Esto podr\u00e1 incluir un simples popup, o una conexi\u00f3n en varios servicios que providenciamos, tales como foros.Esta funci\u00f3n se utiliza generalmente para geotargeting (exhibici\u00f3n de la publicidad a Lisboa s\u00f3lo para los lectores de Lisboa, por<\/p>\n<p style=\"text-align: justify;\">ej.) o presentar publicidad direccionada a un tipo de utilizador (como exhibir publicidad de restaurante a un utilizar que visita sitios de culinaria regularmente, por ej.).Usted tiene el poder de apagar sus cookies, en las opciones de su browser, o efectuando alteraciones en las herramientas de programas de Anti-Virus, como nuestra website, o otros websites. Esto podr\u00e1 afectar o no permitir que haga logens en programas, sitios o foros de nuestra u de otras redes.<\/p>\n<p>[\/vc_column_text]<div class=\"rt_heading_wrapper style-6\">\n\t\t\t\t\t\t<h5 class=\"rt_heading  style-6\" >Enlaces a sitios de terceros<\/h5>\n\t\t\t\t\t<\/div>[vc_column_text]<\/p>\n<p style=\"text-align: justify;\">La Engemasa tiene enlaces para otros sitios, los cuales, a nuestro juicio, pueden contener informaciones \/ herramientas \u00fatiles para nuestros visitantes. Nuestra pol\u00edtica de privacidad no es aplicada a sitios de terceros, por lo que, caso visite otro sitio a partir de lo nuestro deber\u00e1 leer la pol\u00edtica de privacidad del mismo.<\/p>\n<p style=\"text-align: justify;\">No nos responsabilizamos por la pol\u00edtica de privacidad o contenido presente en estos mismos sitios.<\/p>\n<p>[\/vc_column_text][\/vc_column][\/vc_row]<\/p>\n","protected":false},"excerpt":{"rendered":"<p>[vc_row rt_row_background_width=&#8221;fullwidth&#8221; rt_row_content_width=&#8221;default&#8221; rt_row_style=&#8221;alt-style-2&#8243; rt_row_borders=&#8221;&#8221; rt_row_paddings=&#8221;true&#8221; rt_bg_image=&#8221;4163&#8243; rt_bg_effect=&#8221;classic&#8221; rt_bg_image_repeat=&#8221;repeat&#8221; rt_bg_size=&#8221;cover&#8221; rt_bg_position=&#8221;center center&#8221; rt_bg_attachment=&#8221;scroll&#8221; rt_bg_video_format=&#8221;self-hosted&#8221; rt_padding_top=&#8221;100&#8243; rt_padding_bottom=&#8221;140&#8243;][vc_column rt_wrp_col_paddings=&#8221;false&#8221; rt_border_top=&#8221;&#8221; rt_border_bottom=&#8221;&#8221; rt_border_left=&#8221;&#8221; rt_border_right=&#8221;&#8221; rt_border_top_mobile=&#8221;&#8221; rt_border_bottom_mobile=&#8221;&#8221; rt_border_left_mobile=&#8221;&#8221; rt_border_right_mobile=&#8221;&#8221; rt_bg_image_repeat=&#8221;repeat&#8221; rt_bg_size=&#8221;auto auto&#8221; rt_bg_position=&#8221;right top&#8221; rt_bg_attachment=&#8221;scroll&#8221;][\/vc_column][\/vc_row][vc_row rt_row_background_width=&#8221;fullwidth&#8221; rt_row_content_width=&#8221;default&#8221; rt_row_style=&#8221;alt-style-2&#8243; rt_row_borders=&#8221;bottom&#8221; rt_row_paddings=&#8221;true&#8221; rt_bg_effect=&#8221;classic&#8221; rt_bg_image_repeat=&#8221;repeat&#8221; rt_bg_size=&#8221;cover&#8221; rt_bg_position=&#8221;right top&#8221; rt_bg_attachment=&#8221;scroll&#8221; rt_bg_video_format=&#8221;self-hosted&#8221; rt_padding_top=&#8221;30&#8243; rt_padding_bottom=&#8221;30&#8243;][vc_column rt_wrp_col_paddings=&#8221;false&#8221; rt_border_top=&#8221;&#8221; rt_border_bottom=&#8221;&#8221; rt_border_left=&#8221;&#8221; rt_border_right=&#8221;&#8221; rt_border_top_mobile=&#8221;&#8221; rt_border_bottom_mobile=&#8221;&#8221; rt_border_left_mobile=&#8221;&#8221; rt_border_right_mobile=&#8221;&#8221; rt_bg_image_repeat=&#8221;repeat&#8221; [&hellip;]<\/p>\n","protected":false},"author":1,"featured_media":0,"parent":0,"menu_order":0,"comment_status":"open","ping_status":"closed","template":"","meta":{"_mi_skip_tracking":false,"_exactmetrics_sitenote_active":false,"_exactmetrics_sitenote_note":"","_exactmetrics_sitenote_category":0},"_links":{"self":[{"href":"https:\/\/engemasa.com.br\/esp\/wp-json\/wp\/v2\/pages\/4065"}],"collection":[{"href":"https:\/\/engemasa.com.br\/esp\/wp-json\/wp\/v2\/pages"}],"about":[{"href":"https:\/\/engemasa.com.br\/esp\/wp-json\/wp\/v2\/types\/page"}],"author":[{"embeddable":true,"href":"https:\/\/engemasa.com.br\/esp\/wp-json\/wp\/v2\/users\/1"}],"replies":[{"embeddable":true,"href":"https:\/\/engemasa.com.br\/esp\/wp-json\/wp\/v2\/comments?post=4065"}],"version-history":[{"count":6,"href":"https:\/\/engemasa.com.br\/esp\/wp-json\/wp\/v2\/pages\/4065\/revisions"}],"predecessor-version":[{"id":4997,"href":"https:\/\/engemasa.com.br\/esp\/wp-json\/wp\/v2\/pages\/4065\/revisions\/4997"}],"wp:attachment":[{"href":"https:\/\/engemasa.com.br\/esp\/wp-json\/wp\/v2\/media?parent=4065"}],"curies":[{"name":"wp","href":"https:\/\/api.w.org\/{rel}","templated":true}]}}